{"id":179,"date":"2026-03-10T11:24:01","date_gmt":"2026-03-10T11:24:01","guid":{"rendered":"https:\/\/cute-malamute.10web.cloud\/politique-de-confidentialite\/"},"modified":"2026-03-10T11:24:08","modified_gmt":"2026-03-10T11:24:08","slug":"politique-de-confidentialite","status":"publish","type":"page","link":"https:\/\/ssinova.com\/?page_id=179","title":{"rendered":"Politique de Confidentialit\u00e9"},"content":{"rendered":"\t\t<div data-elementor-type=\"wp-page\" data-elementor-id=\"179\" class=\"elementor elementor-179\">\n\t\t\t\t<div class=\"elementor-element elementor-element-soxqq0pp twbb_section e-con-boxed e-flex e-con e-parent\" data-id=\"soxqq0pp\" data-element_type=\"container\">\n\t\t\t\t\t<div class=\"e-con-inner\">\n\t\t\t\t<div class=\"elementor-element elementor-element-h4tnogpw elementor-widget__width-initial elementor-widget-mobile__width-inherit elementor-widget-tablet__width-initial elementor-invisible elementor-widget elementor-widget-heading\" data-id=\"h4tnogpw\" data-element_type=\"widget\" data-settings=\"{&quot;_animation&quot;:&quot;fadeInUp&quot;}\" data-widget_type=\"heading.default\">\n\t\t\t\t\t<h1 class=\"elementor-heading-title elementor-size-default\">Politique de Confidentialit\u00e9<\/h1>\t\t\t\t<\/div>\n\t\t\t\t\t<\/div>\n\t\t\t\t<\/div>\n\t\t<div class=\"elementor-element elementor-element-4t605meb twbb_section e-con-boxed e-flex e-con e-parent\" data-id=\"4t605meb\" data-element_type=\"container\">\n\t\t\t\t\t<div class=\"e-con-inner\">\n\t\t\t\t<div class=\"elementor-element elementor-element-3yrw4lir elementor-widget__width-initial elementor-widget-mobile__width-inherit elementor-widget-tablet__width-initial elementor-invisible elementor-widget elementor-widget-text-editor\" data-id=\"3yrw4lir\" data-element_type=\"widget\" data-settings=\"{&quot;_animation&quot;:&quot;fadeInUp&quot;}\" data-widget_type=\"text-editor.default\">\n\t\t\t\t\t\t\t\t\t<p>Votre vie priv\u00e9e est importante pour SSINOVA. Cette politique de confidentialit\u00e9 explique comment nous collectons, utilisons et prot\u00e9geons vos informations personnelles. En utilisant notre site web et nos services, vous consentez aux pratiques de donn\u00e9es d\u00e9crites dans cette politique.<\/p>\n\n<p><b>1. Informations que Nous Collectons<\/b><\/p>\n<p>Nous collectons des informations pour fournir de meilleurs services \u00e0 tous nos utilisateurs. Les types d&#8217;informations que nous collectons comprennent :<\/p>\n<ul>\n    <li><b>Informations Personnelles :<\/b> Cela comprend votre nom, votre adresse e-mail, votre num\u00e9ro de t\u00e9l\u00e9phone et toute autre information que vous fournissez lorsque vous nous contactez via notre site web ou par e-mail.<\/li>\n    <li><b>Donn\u00e9es d&#8217;Utilisation :<\/b> Nous collectons des informations sur la fa\u00e7on dont vous utilisez notre site web, telles que les pages que vous visitez, la date et l&#8217;heure de votre visite, le temps pass\u00e9 sur ces pages, les identifiants uniques de l&#8217;appareil et d&#8217;autres donn\u00e9es de diagnostic.<\/li>\n    <li><b>Cookies et Technologies de Suivi :<\/b> Nous utilisons des cookies et des technologies de suivi similaires pour suivre l&#8217;activit\u00e9 sur notre site web et conserver certaines informations. Les cookies sont des fichiers contenant une petite quantit\u00e9 de donn\u00e9es qui peuvent inclure un identifiant unique anonyme.<\/li>\n<\/ul>\n\n<p><b>2. Comment Nous Utilisons Vos Informations<\/b><\/p>\n<p>Nous utilisons les informations que nous collectons \u00e0 diverses fins, notamment :<\/p>\n<ul>\n    <li>Pour fournir et maintenir notre site web et nos services.<\/li>\n    <li>Pour vous informer des modifications apport\u00e9es \u00e0 nos services.<\/li>\n    <li>Pour vous permettre de participer aux fonctionnalit\u00e9s interactives de notre service lorsque vous choisissez de le faire.<\/li>\n    <li>Pour fournir un support client.<\/li>\n    <li>Pour recueillir des analyses ou des informations pr\u00e9cieuses afin d&#8217;am\u00e9liorer notre site web et nos services.<\/li>\n    <li>Pour surveiller l&#8217;utilisation de notre site web.<\/li>\n    <li>Pour d\u00e9tecter, pr\u00e9venir et r\u00e9soudre les probl\u00e8mes techniques.<\/li>\n<\/ul>\n\n<p><b>3. S\u00e9curit\u00e9 des Donn\u00e9es<\/b><\/p>\n<p>Nous prenons la s\u00e9curit\u00e9 de vos donn\u00e9es au s\u00e9rieux et mettons en \u0153uvre des mesures techniques et organisationnelles appropri\u00e9es pour prot\u00e9ger vos informations personnelles contre tout acc\u00e8s, utilisation ou divulgation non autoris\u00e9s. Ces mesures comprennent :<\/p>\n<ul>\n    <li>L&#8217;utilisation du cryptage pour prot\u00e9ger les donn\u00e9es sensibles transmises en ligne.<\/li>\n    <li>La mise \u00e0 jour r\u00e9guli\u00e8re de nos syst\u00e8mes de s\u00e9curit\u00e9 pour nous prot\u00e9ger contre les vuln\u00e9rabilit\u00e9s.<\/li>\n    <li>La limitation de l&#8217;acc\u00e8s aux informations personnelles au personnel autoris\u00e9 uniquement.<\/li>\n<\/ul>\n\n<p><b>4. Conservation des Donn\u00e9es<\/b><\/p>\n<p>Nous ne conserverons vos informations personnelles que le temps n\u00e9cessaire aux fins \u00e9nonc\u00e9es dans la pr\u00e9sente politique de confidentialit\u00e9. Nous conserverons et utiliserons vos informations dans la mesure n\u00e9cessaire pour nous conformer \u00e0 nos obligations l\u00e9gales (par exemple, si nous sommes tenus de conserver vos donn\u00e9es pour nous conformer aux lois applicables), r\u00e9soudre les litiges et faire appliquer nos accords et politiques juridiques.<\/p>\n\n<p><b>5. Partage de Vos Informations<\/b><\/p>\n<p>Nous ne vendons, n&#8217;\u00e9changeons ni ne transf\u00e9rons vos informations personnelles \u00e0 des tiers, sauf dans les circonstances suivantes :<\/p>\n<ul>\n    <li><b>Fournisseurs de Services :<\/b> Nous pouvons partager vos informations avec des fournisseurs de services tiers qui nous aident \u00e0 exploiter notre site web, \u00e0 mener nos activit\u00e9s ou \u00e0 vous servir, \u00e0 condition que ces parties acceptent de garder ces informations confidentielles.<\/li>\n    <li><b>Exigences L\u00e9gales :<\/b> Nous pouvons divulguer vos informations lorsque la loi l&#8217;exige ou en r\u00e9ponse \u00e0 des demandes valides des autorit\u00e9s publiques (par exemple, un tribunal ou un organisme gouvernemental).<\/li>\n<\/ul>\n\n<p><b>6. Vos Droits<\/b><\/p>\n<p>Vous avez certains droits concernant vos informations personnelles, notamment :<\/p>\n<ul>\n    <li><b>Acc\u00e8s :<\/b> Vous avez le droit de demander l&#8217;acc\u00e8s aux informations personnelles que nous d\u00e9tenons \u00e0 votre sujet.<\/li>\n    <li><b>Correction :<\/b> Vous avez le droit de demander que nous corrigions toute information personnelle inexacte ou incompl\u00e8te que nous d\u00e9tenons \u00e0 votre sujet.<\/li>\n    <li><b>Suppression :<\/b> Vous avez le droit de demander que nous supprimions vos informations personnelles, sous r\u00e9serve de certaines exceptions.<\/li>\n    <li><b>Opposition :<\/b> Vous avez le droit de vous opposer au traitement de vos informations personnelles dans certaines circonstances.<\/li>\n<\/ul>\n\n<p>Pour exercer ces droits, veuillez nous contacter \u00e0 l&#8217;adresse <a href=\"mailto:info@ssinova.com\">info@ssinova.com<\/a>.<\/p>\n\n<p><b>7. Cookies<\/b><\/p>\n<p>Notre site web utilise des cookies pour am\u00e9liorer votre exp\u00e9rience. Vous avez la possibilit\u00e9 d&#8217;accepter ou de refuser les cookies. La plupart des navigateurs web acceptent automatiquement les cookies, mais vous pouvez g\u00e9n\u00e9ralement modifier les param\u00e8tres de votre navigateur pour refuser les cookies si vous pr\u00e9f\u00e9rez. Cela peut vous emp\u00eacher de profiter pleinement du site web.<\/p>\n\n<p><b>8. Liens vers des Tiers<\/b><\/p>\n<p>Notre site web peut contenir des liens vers des sites web tiers qui ne sont pas d\u00e9tenus ou contr\u00f4l\u00e9s par SSINOVA. Nous n&#8217;avons aucun contr\u00f4le sur le contenu, les politiques de confidentialit\u00e9 ou les pratiques des sites web tiers et n&#8217;assumons aucune responsabilit\u00e9 \u00e0 leur \u00e9gard. Nous vous encourageons \u00e0 consulter les politiques de confidentialit\u00e9 de ces sites web avant de fournir des informations personnelles.<\/p>\n\n<p><b>9. Modifications de la Pr\u00e9sente Politique de Confidentialit\u00e9<\/b><\/p>\n<p>Nous pouvons mettre \u00e0 jour notre politique de confidentialit\u00e9 de temps \u00e0 autre. Nous vous informerons de toute modification en publiant la nouvelle politique de confidentialit\u00e9 sur cette page. Il vous est conseill\u00e9 de consulter r\u00e9guli\u00e8rement cette politique de confidentialit\u00e9 pour prendre connaissance de toute modification.<\/p>\n\n<p><b>10. Coordonn\u00e9es<\/b><\/p>\n<p>Si vous avez des questions concernant la pr\u00e9sente politique de confidentialit\u00e9, veuillez nous contacter \u00e0 l&#8217;adresse <a href=\"mailto:info@ssinova.com\">info@ssinova.com<\/a>.<\/p>\t\t\t\t\t\t\t\t<\/div>\n\t\t\t\t\t<\/div>\n\t\t\t\t<\/div>\n\t\t\t\t<\/div>\n\t\t","protected":false},"excerpt":{"rendered":"","protected":false},"author":0,"featured_media":0,"parent":0,"menu_order":0,"comment_status":"closed","ping_status":"publish","template":"","meta":{"two_page_speed":[],"footnotes":""},"class_list":["post-179","page","type-page","status-publish","hentry"],"_links":{"self":[{"href":"https:\/\/ssinova.com\/index.php?rest_route=\/wp\/v2\/pages\/179","targetHints":{"allow":["GET"]}}],"collection":[{"href":"https:\/\/ssinova.com\/index.php?rest_route=\/wp\/v2\/pages"}],"about":[{"href":"https:\/\/ssinova.com\/index.php?rest_route=\/wp\/v2\/types\/page"}],"replies":[{"embeddable":true,"href":"https:\/\/ssinova.com\/index.php?rest_route=%2Fwp%2Fv2%2Fcomments&post=179"}],"version-history":[{"count":1,"href":"https:\/\/ssinova.com\/index.php?rest_route=\/wp\/v2\/pages\/179\/revisions"}],"predecessor-version":[{"id":203,"href":"https:\/\/ssinova.com\/index.php?rest_route=\/wp\/v2\/pages\/179\/revisions\/203"}],"wp:attachment":[{"href":"https:\/\/ssinova.com\/index.php?rest_route=%2Fwp%2Fv2%2Fmedia&parent=179"}],"curies":[{"name":"wp","href":"https:\/\/api.w.org\/{rel}","templated":true}]}}