{"id":178,"date":"2026-03-10T11:24:01","date_gmt":"2026-03-10T11:24:01","guid":{"rendered":"https:\/\/cute-malamute.10web.cloud\/termes-et-conditions\/"},"modified":"2026-03-10T11:24:08","modified_gmt":"2026-03-10T11:24:08","slug":"termes-et-conditions","status":"publish","type":"page","link":"https:\/\/ssinova.com\/?page_id=178","title":{"rendered":"Termes et Conditions"},"content":{"rendered":"\t\t<div data-elementor-type=\"wp-page\" data-elementor-id=\"178\" class=\"elementor elementor-178\">\n\t\t\t\t<div class=\"elementor-element elementor-element-nh5kn39x twbb_section e-con-boxed e-flex e-con e-parent\" data-id=\"nh5kn39x\" data-element_type=\"container\">\n\t\t\t\t\t<div class=\"e-con-inner\">\n\t\t\t\t<div class=\"elementor-element elementor-element-9racy7da elementor-widget__width-initial elementor-widget-mobile__width-inherit elementor-widget-tablet__width-initial elementor-invisible elementor-widget elementor-widget-heading\" data-id=\"9racy7da\" data-element_type=\"widget\" data-settings=\"{&quot;_animation&quot;:&quot;fadeInUp&quot;}\" data-widget_type=\"heading.default\">\n\t\t\t\t\t<h1 class=\"elementor-heading-title elementor-size-default\">Termes et Conditions<\/h1>\t\t\t\t<\/div>\n\t\t\t\t\t<\/div>\n\t\t\t\t<\/div>\n\t\t<div class=\"elementor-element elementor-element-3qxyz25f twbb_section e-con-boxed e-flex e-con e-parent\" data-id=\"3qxyz25f\" data-element_type=\"container\">\n\t\t\t\t\t<div class=\"e-con-inner\">\n\t\t\t\t<div class=\"elementor-element elementor-element-2rn3n6b8 elementor-widget__width-initial elementor-widget-mobile__width-inherit elementor-widget-tablet__width-initial elementor-invisible elementor-widget elementor-widget-text-editor\" data-id=\"2rn3n6b8\" data-element_type=\"widget\" data-settings=\"{&quot;_animation&quot;:&quot;fadeInUp&quot;}\" data-widget_type=\"text-editor.default\">\n\t\t\t\t\t\t\t\t\t<p>Bienvenue chez SSINOVA ! Ces termes et conditions r\u00e9gissent l&#8217;utilisation du site web et des services de SSINOVA. En acc\u00e9dant \u00e0 ce site web et en utilisant nos services, nous supposons que vous acceptez int\u00e9gralement ces termes et conditions. Si vous n&#8217;acceptez pas tous les termes et conditions \u00e9nonc\u00e9s sur cette page, veuillez ne pas continuer \u00e0 utiliser le site web de SSINOVA.<\/p>\n\n<p><b>1. D\u00e9finitions<\/b><\/p>\n<p>La terminologie suivante s&#8217;applique aux pr\u00e9sents Termes et Conditions, \u00e0 la Politique de Confidentialit\u00e9 et \u00e0 l&#8217;Avis de Non-Responsabilit\u00e9, ainsi qu&#8217;\u00e0 tous les Accords : &#8220;Client&#8221;, &#8220;Vous&#8221; et &#8220;Votre&#8221; font r\u00e9f\u00e9rence \u00e0 vous, la personne acc\u00e9dant \u00e0 ce site web et acceptant les termes et conditions de la Soci\u00e9t\u00e9. &#8220;La Soci\u00e9t\u00e9&#8221;, &#8220;Nous-m\u00eames&#8221;, &#8220;Nous&#8221;, &#8220;Notre&#8221; et &#8220;Nos&#8221; font r\u00e9f\u00e9rence \u00e0 notre Soci\u00e9t\u00e9, SSINOVA. &#8220;Partie&#8221;, &#8220;Parties&#8221; ou &#8220;Nous&#8221; font r\u00e9f\u00e9rence \u00e0 la fois au Client et \u00e0 nous-m\u00eames, ou au Client ou \u00e0 nous-m\u00eames. Tous les termes font r\u00e9f\u00e9rence \u00e0 l&#8217;offre, \u00e0 l&#8217;acceptation et \u00e0 la contrepartie du paiement n\u00e9cessaire pour entreprendre le processus de notre assistance au Client de la mani\u00e8re la plus appropri\u00e9e, que ce soit par des r\u00e9unions formelles d&#8217;une dur\u00e9e d\u00e9termin\u00e9e, ou par tout autre moyen, dans le but expr\u00e8s de r\u00e9pondre aux besoins du Client en ce qui concerne la fourniture des services\/produits d\u00e9clar\u00e9s de la Soci\u00e9t\u00e9, conform\u00e9ment \u00e0 la loi tunisienne en vigueur et sous r\u00e9serve de celle-ci.<\/p>\n\n<p><b>2. Droits de Propri\u00e9t\u00e9 Intellectuelle<\/b><\/p>\n<p>Sauf indication contraire, SSINOVA et\/ou ses conc\u00e9dants de licence d\u00e9tiennent les droits de propri\u00e9t\u00e9 intellectuelle de tout le mat\u00e9riel sur SSINOVA. Tous les droits de propri\u00e9t\u00e9 intellectuelle sont r\u00e9serv\u00e9s. Vous pouvez consulter et\/ou imprimer des pages de https:\/\/ssinova.com pour votre usage personnel, sous r\u00e9serve des restrictions d\u00e9finies dans les pr\u00e9sents termes et conditions.<\/p>\n\n<p>Vous ne devez pas :<\/p>\n<ul>\n    <li>Republier le mat\u00e9riel de https:\/\/ssinova.com<\/li>\n    <li>Vendre, louer ou sous-licencier le mat\u00e9riel de https:\/\/ssinova.com<\/li>\n    <li>Reproduire, dupliquer ou copier le mat\u00e9riel de https:\/\/ssinova.com<\/li>\n    <li>Redistribuer le contenu de SSINOVA (sauf si le contenu est sp\u00e9cifiquement con\u00e7u pour la redistribution).<\/li>\n<\/ul>\n\n<p><b>3. Utilisation du Service<\/b><\/p>\n<p>Nos services sont con\u00e7us pour fournir des services de conseil en informatique, d&#8217;int\u00e9gration, de solutions API et d&#8217;optimisation. Vous acceptez d&#8217;utiliser nos services d&#8217;une mani\u00e8re conforme \u00e0 toutes les lois et r\u00e9glementations applicables. Vous \u00eates responsable du maintien de la confidentialit\u00e9 de votre compte et de votre mot de passe et de la restriction de l&#8217;acc\u00e8s \u00e0 votre ordinateur afin d&#8217;emp\u00eacher tout acc\u00e8s non autoris\u00e9 \u00e0 votre compte.<\/p>\n\n<p><b>4. Limitation de Responsabilit\u00e9<\/b><\/p>\n<p>SSINOVA ne sera pas responsable des dommages indirects, sp\u00e9ciaux ou cons\u00e9cutifs, ni de toute perte de revenus, de b\u00e9n\u00e9fices ou de donn\u00e9es, d\u00e9coulant de votre utilisation de notre site web ou de nos services. Notre responsabilit\u00e9 envers vous, quelle qu&#8217;en soit la cause et quelle que soit la forme de l&#8217;action, sera \u00e0 tout moment limit\u00e9e au montant pay\u00e9, le cas \u00e9ch\u00e9ant, par vous \u00e0 SSINOVA pour le service pendant la dur\u00e9e de l&#8217;accord.<\/p>\n\n<p><b>5. Clause de Non-Responsabilit\u00e9<\/b><\/p>\n<p>Dans la mesure maximale permise par la loi applicable, nous excluons toutes les repr\u00e9sentations, garanties et conditions relatives \u00e0 notre site web et \u00e0 l&#8217;utilisation de ce site web (y compris, sans limitation, toute garantie implicite par la loi en ce qui concerne la qualit\u00e9 satisfaisante, l&#8217;ad\u00e9quation \u00e0 un usage particulier et\/ou l&#8217;utilisation de soins et de comp\u00e9tences raisonnables). Rien dans cette clause de non-responsabilit\u00e9 ne doit :<\/p>\n<ul>\n    <li>limiter ou exclure notre responsabilit\u00e9 ou la v\u00f4tre en cas de d\u00e9c\u00e8s ou de dommages corporels r\u00e9sultant d&#8217;une n\u00e9gligence ;<\/li>\n    <li>limiter ou exclure notre responsabilit\u00e9 ou la v\u00f4tre en cas de fraude ou de fausse d\u00e9claration frauduleuse ;<\/li>\n    <li>limiter nos responsabilit\u00e9s ou les v\u00f4tres d&#8217;une mani\u00e8re qui n&#8217;est pas autoris\u00e9e par la loi applicable ; ou<\/li>\n    <li>exclure nos responsabilit\u00e9s ou les v\u00f4tres qui ne peuvent \u00eatre exclues en vertu de la loi applicable.<\/li>\n<\/ul>\n\n<p><b>6. Commentaires des Utilisateurs<\/b><\/p>\n<p>Le pr\u00e9sent Accord entre en vigueur \u00e0 la date des pr\u00e9sentes. Certaines parties de ce site web offrent aux utilisateurs la possibilit\u00e9 de publier et d&#8217;\u00e9changer des opinions, des informations, du mat\u00e9riel et des donn\u00e9es (&#8220;Commentaires&#8221;) dans certaines zones du site web. SSINOVA ne filtre, ne modifie, ne publie ni ne r\u00e9vise les Commentaires avant leur apparition sur le site web, et les Commentaires ne refl\u00e8tent pas les opinions ou les points de vue de SSINOVA, de ses agents ou de ses affili\u00e9s. Les Commentaires refl\u00e8tent le point de vue et l&#8217;opinion de la personne qui publie ce point de vue ou cette opinion. Dans la mesure permise par les lois applicables, SSINOVA ne sera pas responsable des Commentaires ni de toute perte, co\u00fbt, responsabilit\u00e9, dommage ou d\u00e9pense caus\u00e9(e) ou subi(e) \u00e0 la suite de toute utilisation et\/ou publication et\/ou apparition des Commentaires sur ce site web.<\/p>\n\n<p>SSINOVA se r\u00e9serve le droit de surveiller tous les Commentaires et de supprimer tout Commentaire qu&#8217;elle consid\u00e8re, \u00e0 son enti\u00e8re discr\u00e9tion, comme inappropri\u00e9, offensant ou autrement en violation des pr\u00e9sents Termes et Conditions.<\/p>\n\n<p><b>7. Liens Hypertextes vers notre Contenu<\/b><\/p>\n<p>Les organisations suivantes peuvent cr\u00e9er des liens vers notre site web sans autorisation \u00e9crite pr\u00e9alable :<\/p>\n<ul>\n    <li>Les agences gouvernementales ;<\/li>\n    <li>Les moteurs de recherche ;<\/li>\n    <li>Les organisations de presse ;<\/li>\n    <li>Les distributeurs d&#8217;annuaires en ligne qui nous r\u00e9pertorient dans l&#8217;annuaire peuvent cr\u00e9er un lien vers notre site web de la m\u00eame mani\u00e8re qu&#8217;ils cr\u00e9ent un lien hypertexte vers les sites web d&#8217;autres entreprises r\u00e9pertori\u00e9es ; et<\/li>\n    <li>Les entreprises accr\u00e9dit\u00e9es \u00e0 l&#8217;\u00e9chelle du syst\u00e8me, \u00e0 l&#8217;exception des organisations \u00e0 but non lucratif qui sollicitent des dons, des centres commerciaux caritatifs et des groupes de collecte de fonds caritatifs qui ne peuvent pas cr\u00e9er de lien hypertexte vers notre site web.<\/li>\n<\/ul>\n\n<p><b>8. Droit Applicable<\/b><\/p>\n<p>Les pr\u00e9sents termes et conditions sont r\u00e9gis et interpr\u00e9t\u00e9s conform\u00e9ment aux lois de la Tunisie, et vous vous soumettez \u00e0 la juridiction non exclusive des tribunaux \u00e9tatiques et f\u00e9d\u00e9raux situ\u00e9s en Tunisie pour la r\u00e9solution de tout litige.<\/p>\n\n<p><b>9. Modifications<\/b><\/p>\n<p>SSINOVA se r\u00e9serve le droit de r\u00e9viser les pr\u00e9sents termes et conditions \u00e0 tout moment, \u00e0 sa discr\u00e9tion, et en utilisant ce site web, vous \u00eates tenu de consulter ces termes r\u00e9guli\u00e8rement.<\/p>\n\n<p><b>10. Coordonn\u00e9es<\/b><\/p>\n<p>Si vous avez des questions concernant les pr\u00e9sents Termes et Conditions, veuillez nous contacter \u00e0 l&#8217;adresse <a href=\"mailto:info@ssinova.com\">info@ssinova.com<\/a>.<\/p>\t\t\t\t\t\t\t\t<\/div>\n\t\t\t\t\t<\/div>\n\t\t\t\t<\/div>\n\t\t\t\t<\/div>\n\t\t","protected":false},"excerpt":{"rendered":"","protected":false},"author":0,"featured_media":0,"parent":0,"menu_order":0,"comment_status":"closed","ping_status":"publish","template":"","meta":{"two_page_speed":[],"footnotes":""},"class_list":["post-178","page","type-page","status-publish","hentry"],"_links":{"self":[{"href":"https:\/\/ssinova.com\/index.php?rest_route=\/wp\/v2\/pages\/178","targetHints":{"allow":["GET"]}}],"collection":[{"href":"https:\/\/ssinova.com\/index.php?rest_route=\/wp\/v2\/pages"}],"about":[{"href":"https:\/\/ssinova.com\/index.php?rest_route=\/wp\/v2\/types\/page"}],"replies":[{"embeddable":true,"href":"https:\/\/ssinova.com\/index.php?rest_route=%2Fwp%2Fv2%2Fcomments&post=178"}],"version-history":[{"count":1,"href":"https:\/\/ssinova.com\/index.php?rest_route=\/wp\/v2\/pages\/178\/revisions"}],"predecessor-version":[{"id":202,"href":"https:\/\/ssinova.com\/index.php?rest_route=\/wp\/v2\/pages\/178\/revisions\/202"}],"wp:attachment":[{"href":"https:\/\/ssinova.com\/index.php?rest_route=%2Fwp%2Fv2%2Fmedia&parent=178"}],"curies":[{"name":"wp","href":"https:\/\/api.w.org\/{rel}","templated":true}]}}